{"id":2046,"date":"2026-02-26T01:19:12","date_gmt":"2026-02-26T00:19:12","guid":{"rendered":"https:\/\/polaligner.org\/sesja-paa-martin-pedernera\/"},"modified":"2026-03-03T00:28:16","modified_gmt":"2026-03-02T23:28:16","slug":"sesja-paa-martin-pedernera","status":"publish","type":"page","link":"https:\/\/polaligner.org\/en\/events\/upcoming-events\/sesja-paa-martin-pedernera\/","title":{"rendered":"Sesja PAA: Martin Pedernera"},"content":{"rendered":"<h2 class=\"wp-block-post-title\">Sesja PAA: Martin Pedernera<\/h2>\n\n\n<div class=\"wp-block-columns is-layout-flex wp-container-core-columns-is-layout-28f84493 wp-block-columns-is-layout-flex\">\n<div class=\"wp-block-column is-layout-flow wp-block-column-is-layout-flow\">\n<p><strong>22\u201323 may 2026 | Warszawa, Barcel\u00f3 Warsaw Powi\u015ble<\/strong><\/p>\n\n\n\n<p>&#x1f4cd;\u00a0<strong>Place:<\/strong><br>Hotel Barcel\u00f3 Warsaw Powi\u015ble<br>Wybrze\u017ce Ko\u015bciuszkowskie 43A, Warszawa<\/p>\n\n\n\n<p>&#x1f4c5;\u00a0<strong>Date:<\/strong><br>22\u201323 may 2026<\/p>\n\n\n\n<p>&#x1f5e3;\u00a0<strong>Language:<\/strong><br>Session is in english (no polish translation)<\/p>\n\n\n\n<div class=\"wp-block-buttons is-layout-flex wp-block-buttons-is-layout-flex\">\n<div class=\"wp-block-button\"><a class=\"wp-block-button__link has-palette-color-2-background-color has-background wp-element-button\" href=\"https:\/\/orbidenti.com\/events-preview\/5529\" target=\"_blank\" rel=\"noreferrer noopener\">Join<\/a><\/div>\n<\/div>\n<\/div>\n\n\n\n<div class=\"wp-block-column is-layout-flow wp-block-column-is-layout-flow\">\n<figure class=\"wp-block-image size-large\"><a href=\"https:\/\/orbidenti.com\/events-preview\/5529\" target=\"_blank\" rel=\" noreferrer noopener\"><img decoding=\"async\" width=\"819\" height=\"1024\" src=\"http:\/\/polaligner.org\/content\/uploads\/2026\/02\/Warsaw-MAY-22-23-2026-819x1024.webp\" alt=\"\" class=\"wp-image-2026\" style=\"object-fit:cover\" srcset=\"https:\/\/polaligner.org\/content\/uploads\/2026\/02\/Warsaw-MAY-22-23-2026-819x1024.webp 819w, https:\/\/polaligner.org\/content\/uploads\/2026\/02\/Warsaw-MAY-22-23-2026-240x300.webp 240w, https:\/\/polaligner.org\/content\/uploads\/2026\/02\/Warsaw-MAY-22-23-2026-768x960.webp 768w, https:\/\/polaligner.org\/content\/uploads\/2026\/02\/Warsaw-MAY-22-23-2026-500x625.webp 500w, https:\/\/polaligner.org\/content\/uploads\/2026\/02\/Warsaw-MAY-22-23-2026-800x1000.webp 800w, https:\/\/polaligner.org\/content\/uploads\/2026\/02\/Warsaw-MAY-22-23-2026.webp 1080w\" sizes=\"(max-width: 819px) 100vw, 819px\" \/><\/a><\/figure>\n<\/div>\n<\/div>\n\n\n\n<h3 class=\"wp-block-heading has-palette-color-2-color has-text-color has-link-color wp-elements-ce77c407b93e4adea5c19334578425af\">Program:<\/h3>\n\n\n\n<h4 class=\"wp-block-heading\">I. Sagittal Problems &amp; Distalization Biomechanics<\/h4>\n\n\n\n<p>&#8211; Biomechanics of Distalization with Aligners<br>&#8211; Distalization: En Block or Sequential?<br>Class II Malocclusion Management<br>&#8211; Sequential Distalization Strategies<br>\u00bd Pattern<br>\u2153 Pattern<br>V and W Pattern<br>Clinical Indications for Each Pattern<br>&#8211; Virtual Jump &amp; Use of Class II Elastics<br>Effective Class II Elastic Configuration<br>Class II Subdivision Cases<br>&#8211; Distalization Assisted by Miniscrews<br>Importance of Understanding Skeletal Anchorage<br>Direct Anchorage<br>Indirect Anchorage<\/p>\n\n\n\n<h4 class=\"wp-block-heading\">II. Extractions &amp; Clear Aligners<\/h4>\n\n\n\n<p>&#8211; Lower Incisor Extractions<br>Attachment Protocol &amp; Staging<br>Overcorrections<br>&#8211; Premolar Extractions<br>Planning and Management<br>Attachment Types and Movement Sequencing<br>Maximum, Moderate, and Minimum Anchorage<br>Pros and Cons of Each Anchorage Strategy<br>Tips for Maximum Predictability<br>&#8211; Auxiliary Techniques:<br>Buttons &amp; Elastics<br>Power Arms<br>Miniscrews<\/p>\n\n\n\n<h4 class=\"wp-block-heading\">III. Growing Patients and Early Interventions<\/h4>\n\n\n\n<p>Growing Patients<br>Patient Selection<br>Specific Features of Invisalign Treatment in Growing Patients<br>Treatment Protocols<br>Managing Asymmetric Cases<br>&#8211; Functional Mandibular Shifts<br>Invisalign First<br>&#8211; Inclusion Criteria &amp; Patient Selection<br>&#8211; Managing Skeletal-Dental Discrepancies<br>&#8211; Conventional Expansion Protocol (Simultaneous Expansion)<br>&#8211; MMF \/ M&amp;IMF \/ M&amp;CMF \/Simultaneous Expansion Protocols<br>When to Use Each Approach<br>&#8211; Skeletal Expansion<br>Invisalign Palatal Expander<br>&#8211; Impacted Canines<br>Prevention Strategies<br>How to Plan a ClinCheck for Impacted Canine Cases<br>Traction Methods Combined with Invisalign<br>Intra-arch &amp; Inter-arch Traction<br>Sectional Archwires<br>Retention Strategies<\/p>\n\n\n\n<h3 class=\"wp-block-heading has-palette-color-2-color has-text-color has-link-color wp-elements-254bbb63686a3c560a7dd484c1496d2a\">Prices<\/h3>\n\n\n\n<ul class=\"wp-block-list\">\n<li><strong>1490 z\u0142<\/strong>\u00a0\u2013 PAA members<\/li>\n\n\n\n<li><strong>1690 z\u0142<\/strong>\u00a0\u2013 early registration (till 31.01.2026)<\/li>\n\n\n\n<li><strong>1790 z\u0142<\/strong>\u00a0\u2013 regular registration (01.02\u201330.04.2026)<\/li>\n\n\n\n<li><strong>1900 z\u0142<\/strong>\u00a0\u2013 onsite payment (from 01.05.2026)<\/li>\n<\/ul>\n\n\n\n<h3 class=\"wp-block-heading has-palette-color-2-color has-text-color has-link-color wp-elements-287e56690d6fa5c6208f1e62183c8769\"><strong>Cancellation Terms<\/strong><\/h3>\n\n\n\n<p>If the cancellation is submitted up to 1 month before the event, the full amount will be refunded minus 200 PLN + VAT. After this date, cancellations are not accepted.<\/p>\n\n\n\n<p>VAT invoices are issued based on the completed payment.<\/p>\n\n\n\n<hr class=\"wp-block-separator has-alpha-channel-opacity is-style-wide\"\/>\n\n\n\n<p>Join a community of specialists and develop your skills in modern aligner orthodontics under the guidance of a recognized expert..<\/p>\n\n\n\n<div style=\"height:100px\" aria-hidden=\"true\" class=\"wp-block-spacer\"><\/div>\n","protected":false},"excerpt":{"rendered":"<p>22\u201323 may 2026 | Warszawa, Barcel\u00f3 Warsaw Powi\u015ble &#x1f4cd;\u00a0Place:Hotel Barcel\u00f3 Warsaw Powi\u015bleWybrze\u017ce Ko\u015bciuszkowskie 43A, Warszawa &#x1f4c5;\u00a0Date:22\u201323 may 2026 &#x1f5e3;\u00a0Language:Session is in english (no polish translation) Program: I. Sagittal Problems &amp; Distalization Biomechanics &#8211; Biomechanics of Distalization with Aligners&#8211; Distalization: En Block or Sequential?Class II Malocclusion Management&#8211; Sequential Distalization Strategies\u00bd Pattern\u2153 [&hellip;]<\/p>\n","protected":false},"author":2,"featured_media":0,"parent":2062,"menu_order":0,"comment_status":"closed","ping_status":"closed","template":"","meta":{"om_disable_all_campaigns":false,"_monsterinsights_skip_tracking":false,"_monsterinsights_sitenote_active":false,"_monsterinsights_sitenote_note":"","_monsterinsights_sitenote_category":0,"footnotes":""},"class_list":["post-2046","page","type-page","status-publish","hentry"],"blocksy_meta":[],"aioseo_notices":[],"_links":{"self":[{"href":"https:\/\/polaligner.org\/en\/wp-json\/wp\/v2\/pages\/2046","targetHints":{"allow":["GET"]}}],"collection":[{"href":"https:\/\/polaligner.org\/en\/wp-json\/wp\/v2\/pages"}],"about":[{"href":"https:\/\/polaligner.org\/en\/wp-json\/wp\/v2\/types\/page"}],"author":[{"embeddable":true,"href":"https:\/\/polaligner.org\/en\/wp-json\/wp\/v2\/users\/2"}],"replies":[{"embeddable":true,"href":"https:\/\/polaligner.org\/en\/wp-json\/wp\/v2\/comments?post=2046"}],"version-history":[{"count":4,"href":"https:\/\/polaligner.org\/en\/wp-json\/wp\/v2\/pages\/2046\/revisions"}],"predecessor-version":[{"id":2066,"href":"https:\/\/polaligner.org\/en\/wp-json\/wp\/v2\/pages\/2046\/revisions\/2066"}],"up":[{"embeddable":true,"href":"https:\/\/polaligner.org\/en\/wp-json\/wp\/v2\/pages\/2062"}],"wp:attachment":[{"href":"https:\/\/polaligner.org\/en\/wp-json\/wp\/v2\/media?parent=2046"}],"curies":[{"name":"wp","href":"https:\/\/api.w.org\/{rel}","templated":true}]}}