{"id":1581,"date":"2022-12-12T01:21:44","date_gmt":"2022-12-12T00:21:44","guid":{"rendered":"https:\/\/polaligner.org\/3rd-congress-of-the-polish-academy-of-aligner\/"},"modified":"2023-11-14T04:13:50","modified_gmt":"2023-11-14T03:13:50","slug":"3rd-congress-of-the-polish-academy-of-aligner","status":"publish","type":"page","link":"https:\/\/polaligner.org\/en\/3rd-congress-of-the-polish-academy-of-aligner\/","title":{"rendered":"3rd Congress of the Polish Academy of Aligner"},"content":{"rendered":"\n<div class=\"wp-block-group is-layout-constrained wp-block-group-is-layout-constrained\">\n<div class=\"wp-block-group is-layout-constrained wp-block-group-is-layout-constrained\">\n<h2 class=\"wp-block-heading\">3rd Congress of the Polish Academy of Aligner<\/h2>\n\n\n\n<div class=\"wp-block-columns is-layout-flex wp-container-core-columns-is-layout-28f84493 wp-block-columns-is-layout-flex\">\n<div class=\"wp-block-column is-layout-flow wp-block-column-is-layout-flow\" style=\"flex-basis:60%\">\n<p class=\"has-palette-color-2-color has-text-color\"><strong>May 12-13, 2023, InterContinental Hotel Warsaw<\/strong><\/p>\n\n\n\n<p>Zapraszamy serdecznie na III Kongres Polskiej Akademii Alignerowej, kt\u00f3ry odb\u0119dzie si\u0119 w dniach 12-13 maja 2022. W trakcie dwudniowego wydarzenia b\u0119d\u0105 Pa\u0144stwo mogli zapozna\u0107 si\u0119 z najnowszymi trendami w zakresie leczenia ortodontycznego z wykorzystaniem aligner\u00f3w oraz wzi\u0105\u0107 udzia\u0142 w ciekawych wyk\u0142adach i warsztatach prowadzonych przez renomowanych specjalist\u00f3w z bran\u017cy.<br\/>Kongres skierowany jest do lekarzy stomatolog\u00f3w, ortodont\u00f3w, protetyk\u00f3w oraz innych specjalist\u00f3w zajmuj\u0105cych si\u0119 leczeniem ortodontycznym. B\u0119dzie to doskona\u0142a okazja do poszerzenia wiedzy i nawi\u0105zania nowych kontakt\u00f3w zawodowych.<\/p>\n\n\n\n<div class=\"wp-block-columns is-layout-flex wp-container-core-columns-is-layout-28f84493 wp-block-columns-is-layout-flex\">\n<div class=\"wp-block-column is-layout-flow wp-block-column-is-layout-flow\" style=\"flex-basis:40%\">\n<p class=\"has-palette-color-2-color has-text-color\"><strong>Wyk\u0142adowcy:<\/strong><\/p>\n\n\n\n<ul class=\"wp-block-list\">\n<li>Eliana Elemanno<\/li>\n\n\n\n<li>Javier Lozano<\/li>\n\n\n\n<li>Simonetta Meuli<\/li>\n\n\n\n<li>Joanna Mrowiec<\/li>\n\n\n\n<li>Susana Palma<\/li>\n\n\n\n<li>David Raickovic<\/li>\n\n\n\n<li>Micha\u0142 Tarnawski<\/li>\n<\/ul>\n<\/div>\n\n\n\n<div class=\"wp-block-column is-layout-flow wp-block-column-is-layout-flow\" style=\"flex-basis:60%\">\n<p class=\"has-palette-color-2-color has-text-color\"><strong>Prices:<\/strong><\/p>\n\n\n\n<ul class=\"wp-block-list\">\n<li>Cz\u0142onkowie PAA 2400 zl<\/li>\n\n\n\n<li>Wczesna rejestracja do 28 lutego 2023 &#8211; 2900 z\u0142<\/li>\n\n\n\n<li>Rejestracja 1 marca &#8211; 30 kwietnia &#8211; 3100 z\u0142<\/li>\n\n\n\n<li>Onsite od 1 maja &#8211; 3400 z\u0142<\/li>\n<\/ul>\n<\/div>\n<\/div>\n\n\n\n<p>Zarejestruj si\u0119 ju\u017c dzi\u015b i do\u0142\u0105cz do naszej akademii w wyj\u0105tkowym wydarzeniu.<br\/>Z powa\u017caniem,<br\/>Zarz\u0105d Polskiej Akademii Alignerowej<\/p>\n<\/div>\n\n\n\n<div class=\"wp-block-column is-layout-flow wp-block-column-is-layout-flow\" style=\"flex-basis:40%\">\n<figure class=\"wp-block-image size-full is-resized\"><img decoding=\"async\" src=\"http:\/\/polaligner.org\/content\/uploads\/2022\/12\/kongres-kwadrat.jpg\" alt=\"\" class=\"wp-image-591\" width=\"351\" height=\"351\" srcset=\"https:\/\/polaligner.org\/content\/uploads\/2022\/12\/kongres-kwadrat.jpg 701w, https:\/\/polaligner.org\/content\/uploads\/2022\/12\/kongres-kwadrat-300x300.jpg 300w, https:\/\/polaligner.org\/content\/uploads\/2022\/12\/kongres-kwadrat-150x150.jpg 150w, https:\/\/polaligner.org\/content\/uploads\/2022\/12\/kongres-kwadrat-500x500.jpg 500w\" sizes=\"(max-width: 351px) 100vw, 351px\" \/><\/figure>\n<\/div>\n<\/div>\n<\/div>\n<\/div>\n","protected":false},"excerpt":{"rendered":"<p>May 12-13, 2023,<br \/>\ndetails soon<\/p>\n","protected":false},"author":2,"featured_media":1443,"parent":0,"menu_order":0,"comment_status":"closed","ping_status":"closed","template":"","meta":{"om_disable_all_campaigns":false,"_monsterinsights_skip_tracking":false,"_monsterinsights_sitenote_active":false,"_monsterinsights_sitenote_note":"","_monsterinsights_sitenote_category":0,"footnotes":""},"class_list":["post-1581","page","type-page","status-publish","has-post-thumbnail","hentry"],"blocksy_meta":{"styles_descriptor":{"styles":{"desktop":"","tablet":"","mobile":""},"google_fonts":[],"version":6}},"aioseo_notices":[],"_links":{"self":[{"href":"https:\/\/polaligner.org\/en\/wp-json\/wp\/v2\/pages\/1581","targetHints":{"allow":["GET"]}}],"collection":[{"href":"https:\/\/polaligner.org\/en\/wp-json\/wp\/v2\/pages"}],"about":[{"href":"https:\/\/polaligner.org\/en\/wp-json\/wp\/v2\/types\/page"}],"author":[{"embeddable":true,"href":"https:\/\/polaligner.org\/en\/wp-json\/wp\/v2\/users\/2"}],"replies":[{"embeddable":true,"href":"https:\/\/polaligner.org\/en\/wp-json\/wp\/v2\/comments?post=1581"}],"version-history":[{"count":1,"href":"https:\/\/polaligner.org\/en\/wp-json\/wp\/v2\/pages\/1581\/revisions"}],"predecessor-version":[{"id":1582,"href":"https:\/\/polaligner.org\/en\/wp-json\/wp\/v2\/pages\/1581\/revisions\/1582"}],"wp:featuredmedia":[{"embeddable":true,"href":"https:\/\/polaligner.org\/en\/wp-json\/wp\/v2\/media\/1443"}],"wp:attachment":[{"href":"https:\/\/polaligner.org\/en\/wp-json\/wp\/v2\/media?parent=1581"}],"curies":[{"name":"wp","href":"https:\/\/api.w.org\/{rel}","templated":true}]}}