{"id":1533,"date":"2022-12-11T22:38:50","date_gmt":"2022-12-11T21:38:50","guid":{"rendered":"https:\/\/polaligner.org\/membership\/"},"modified":"2026-03-03T13:17:58","modified_gmt":"2026-03-03T12:17:58","slug":"membership","status":"publish","type":"page","link":"https:\/\/polaligner.org\/en\/membership\/","title":{"rendered":"Membership"},"content":{"rendered":"\n<div class=\"wp-block-group outer-group is-layout-constrained wp-block-group-is-layout-constrained\">\n<div class=\"wp-block-group is-layout-constrained wp-block-group-is-layout-constrained\">\n<h2 class=\"wp-block-heading has-text-align-center\">Come join us<\/h2>\n\n\n\n<div style=\"height:3rem\" aria-hidden=\"true\" class=\"wp-block-spacer\"><\/div>\n\n\n\n<div class=\"wp-block-columns is-layout-flex wp-container-core-columns-is-layout-28f84493 wp-block-columns-is-layout-flex\">\n<div class=\"wp-block-column is-layout-flow wp-block-column-is-layout-flow\" style=\"flex-basis:40%\">\n<p>You\u2019re welcome to join our association:<br\/><br\/>To join the Polish Aligner Academy, follow the steps below:<\/p>\n\n\n\n<ul class=\"wp-block-list\">\n<li>Zapozna\u0107 si\u0119 ze <a title=\"Statut Stowarzyszenia\" href=\"https:\/\/polaligner.org\/o-nas\/statut-stowarzyszenia\/\">statutem stowarzyszenia<\/a>.<\/li>\n\n\n\n<li>Know or get to know two members who will advise whether it is worth joining us, and who can support  your introduction to the association with their signature.<\/li>\n\n\n\n<li><a title=\"The form\" href=\"\/content\/uploads\/2023\/11\/PAA-form.pdf\">The form<\/a> can be filled out electronically and signed by hand, for example, with a pen.<\/li>\n\n\n\n<li>Members must sign the form by hand. (The introducer&#8217;s name field must also be completed). Save and send it to us via email.<\/li>\n\n\n\n<li>The easiest way to do this is on paper at any event.<\/li>\n\n\n\n<li>Alternatively, you can print the form, fill it out on paper, sign it and scan or take a photo of the document. Please have legible scans or photographs, matching the quality of official documents.<\/li>\n<\/ul>\n\n\n\n<p>Email: paa@polaligner.org<br\/>Adres fizyczny do dor\u0119cze\u0144 : PAA, 54-079 Wroc\u0142aw, ul. Jana Mydlarskiego 33<br\/>Op\u0142ata cz\u0142onkowska p\u0142atna jest na konto PAA:<br\/>Bank Polska 77 1090 2011 0000 0001 4497 5692<\/p>\n\n\n\n<p>A convenient payment form will soon be launched<\/p>\n\n\n\n<div class=\"wp-block-buttons is-layout-flex wp-block-buttons-is-layout-flex\">\n<div class=\"wp-block-button pdf-button\"><a class=\"wp-block-button__link has-palette-color-2-background-color has-background wp-element-button\" href=\"\/content\/uploads\/2025\/09\/Formularz-zgloszeniowy-PAA3.pdf\" target=\"_blank\" rel=\"noreferrer noopener\">Fill out the application form<\/a><\/div>\n<\/div>\n\n\n\n<p><\/p>\n<\/div>\n\n\n\n<div class=\"wp-block-column is-layout-flow wp-block-column-is-layout-flow\" style=\"flex-basis:60%\">\n<figure class=\"wp-block-image size-large\"><img decoding=\"async\" width=\"1024\" height=\"607\" src=\"http:\/\/polaligner.org\/content\/uploads\/2022\/12\/zapraszamy-do-uczestnictwa-1024x607.jpg\" alt=\"\" class=\"wp-image-85\" srcset=\"https:\/\/polaligner.org\/content\/uploads\/2022\/12\/zapraszamy-do-uczestnictwa-1024x607.jpg 1024w, https:\/\/polaligner.org\/content\/uploads\/2022\/12\/zapraszamy-do-uczestnictwa-300x178.jpg 300w, https:\/\/polaligner.org\/content\/uploads\/2022\/12\/zapraszamy-do-uczestnictwa-768x455.jpg 768w, https:\/\/polaligner.org\/content\/uploads\/2022\/12\/zapraszamy-do-uczestnictwa-1536x910.jpg 1536w, https:\/\/polaligner.org\/content\/uploads\/2022\/12\/zapraszamy-do-uczestnictwa-2048x1213.jpg 2048w, https:\/\/polaligner.org\/content\/uploads\/2022\/12\/zapraszamy-do-uczestnictwa-500x296.jpg 500w, https:\/\/polaligner.org\/content\/uploads\/2022\/12\/zapraszamy-do-uczestnictwa-800x474.jpg 800w, https:\/\/polaligner.org\/content\/uploads\/2022\/12\/zapraszamy-do-uczestnictwa-1280x758.jpg 1280w, https:\/\/polaligner.org\/content\/uploads\/2022\/12\/zapraszamy-do-uczestnictwa.jpg 1920w\" sizes=\"(max-width: 1024px) 100vw, 1024px\" \/><\/figure>\n<\/div>\n<\/div>\n<\/div>\n<\/div>\n\n<div class=\"wp-block-group outer-group  has-palette-color-2-background-color has-background is-layout-constrained wp-block-group-is-layout-constrained\">\n<div class=\"wp-block-group czlonkostwo-green-block has-palette-color-8-color has-palette-color-2-background-color has-text-color has-background is-layout-constrained wp-block-group-is-layout-constrained\">\n<div class=\"wp-block-columns is-layout-flex wp-container-core-columns-is-layout-28f84493 wp-block-columns-is-layout-flex\">\n<div class=\"wp-block-column is-layout-flow wp-block-column-is-layout-flow\" style=\"flex-basis:60%\">\n<figure class=\"wp-block-image size-large\"><img decoding=\"async\" width=\"1024\" height=\"682\" src=\"http:\/\/polaligner.org\/content\/uploads\/2022\/12\/Co-mozesz-zyskac-dolaczajac-do-nas-1024x682.jpg\" alt=\"\" class=\"wp-image-86\" srcset=\"https:\/\/polaligner.org\/content\/uploads\/2022\/12\/Co-mozesz-zyskac-dolaczajac-do-nas-1024x682.jpg 1024w, https:\/\/polaligner.org\/content\/uploads\/2022\/12\/Co-mozesz-zyskac-dolaczajac-do-nas-300x200.jpg 300w, https:\/\/polaligner.org\/content\/uploads\/2022\/12\/Co-mozesz-zyskac-dolaczajac-do-nas-768x512.jpg 768w, https:\/\/polaligner.org\/content\/uploads\/2022\/12\/Co-mozesz-zyskac-dolaczajac-do-nas-1536x1023.jpg 1536w, https:\/\/polaligner.org\/content\/uploads\/2022\/12\/Co-mozesz-zyskac-dolaczajac-do-nas-2048x1364.jpg 2048w, https:\/\/polaligner.org\/content\/uploads\/2022\/12\/Co-mozesz-zyskac-dolaczajac-do-nas-500x333.jpg 500w, https:\/\/polaligner.org\/content\/uploads\/2022\/12\/Co-mozesz-zyskac-dolaczajac-do-nas-800x533.jpg 800w, https:\/\/polaligner.org\/content\/uploads\/2022\/12\/Co-mozesz-zyskac-dolaczajac-do-nas-1280x853.jpg 1280w, https:\/\/polaligner.org\/content\/uploads\/2022\/12\/Co-mozesz-zyskac-dolaczajac-do-nas-1920x1279.jpg 1920w\" sizes=\"(max-width: 1024px) 100vw, 1024px\" \/><\/figure>\n<\/div>\n\n\n\n<div class=\"wp-block-column is-vertically-aligned-bottom is-layout-flow wp-block-column-is-layout-flow\" style=\"flex-basis:40%\">\n<h3 class=\"wp-block-heading has-palette-color-8-color has-text-color\">Why<br\/>join us?<\/h3>\n\n\n\n<div style=\"height:2rem\" aria-hidden=\"true\" class=\"wp-block-spacer\"><\/div>\n\n\n\n<div class=\"wp-block-buttons is-layout-flex wp-block-buttons-is-layout-flex\">\n<div class=\"wp-block-button is-style-fill white-button\"><a class=\"wp-block-button__link has-palette-color-4-color has-text-color has-link-color wp-element-button\" href=\"https:\/\/polaligner.org\/benefity\/\">Read more<\/a><\/div>\n<\/div>\n<\/div>\n<\/div>\n<\/div>\n<\/div>\n","protected":false},"excerpt":{"rendered":"<p>Come join us You\u2019re welcome to join our association: To join the Polish Aligner Academy, follow the steps below: Email: paa@polaligner.orgAdres fizyczny do dor\u0119cze\u0144 : PAA, 54-079 Wroc\u0142aw, ul. Jana Mydlarskiego 33Op\u0142ata cz\u0142onkowska p\u0142atna jest na konto PAA:Bank Polska 77 1090 2011 0000 0001 4497 5692 A convenient payment form [&hellip;]<\/p>\n","protected":false},"author":2,"featured_media":0,"parent":0,"menu_order":0,"comment_status":"closed","ping_status":"closed","template":"","meta":{"_gspb_post_css":"","om_disable_all_campaigns":false,"_monsterinsights_skip_tracking":false,"_monsterinsights_sitenote_active":false,"_monsterinsights_sitenote_note":"","_monsterinsights_sitenote_category":0,"footnotes":""},"class_list":["post-1533","page","type-page","status-publish","hentry"],"blocksy_meta":{"styles_descriptor":{"styles":{"desktop":"","tablet":"","mobile":""},"google_fonts":[],"version":6}},"aioseo_notices":[],"_links":{"self":[{"href":"https:\/\/polaligner.org\/en\/wp-json\/wp\/v2\/pages\/1533","targetHints":{"allow":["GET"]}}],"collection":[{"href":"https:\/\/polaligner.org\/en\/wp-json\/wp\/v2\/pages"}],"about":[{"href":"https:\/\/polaligner.org\/en\/wp-json\/wp\/v2\/types\/page"}],"author":[{"embeddable":true,"href":"https:\/\/polaligner.org\/en\/wp-json\/wp\/v2\/users\/2"}],"replies":[{"embeddable":true,"href":"https:\/\/polaligner.org\/en\/wp-json\/wp\/v2\/comments?post=1533"}],"version-history":[{"count":4,"href":"https:\/\/polaligner.org\/en\/wp-json\/wp\/v2\/pages\/1533\/revisions"}],"predecessor-version":[{"id":2089,"href":"https:\/\/polaligner.org\/en\/wp-json\/wp\/v2\/pages\/1533\/revisions\/2089"}],"wp:attachment":[{"href":"https:\/\/polaligner.org\/en\/wp-json\/wp\/v2\/media?parent=1533"}],"curies":[{"name":"wp","href":"https:\/\/api.w.org\/{rel}","templated":true}]}}