{"id":1491,"date":"2022-12-09T02:38:04","date_gmt":"2022-12-09T01:38:04","guid":{"rendered":"https:\/\/polaligner.org\/polsih-aligner-academy\/"},"modified":"2026-03-03T00:28:38","modified_gmt":"2026-03-02T23:28:38","slug":"polsih-aligner-academy","status":"publish","type":"page","link":"https:\/\/polaligner.org\/en\/","title":{"rendered":"Polsih Aligner Academy"},"content":{"rendered":"\n<div class=\"wp-block-nk-awb nk-awb top-banner\"><div class=\"nk-awb-wrap\" data-awb-type=\"yt_vm_video\" data-awb-video=\"https:\/\/youtu.be\/f7uC7Nn0LoY\" data-awb-video-mobile=\"false\" data-awb-image-background-size=\"cover\" data-awb-image-background-position=\"50% 50%\"><div class=\"nk-awb-inner\"><img decoding=\"async\" src=\"https:\/\/polaligner.org\/content\/uploads\/2022\/12\/DY9I7136.jpg\" class=\"wp-image-24 jarallax-img\" width=\"2022\" height=\"1362\" srcset=\"https:\/\/polaligner.org\/content\/uploads\/2022\/12\/DY9I7136.jpg 2022w, https:\/\/polaligner.org\/content\/uploads\/2022\/12\/DY9I7136-300x202.jpg 300w, https:\/\/polaligner.org\/content\/uploads\/2022\/12\/DY9I7136-1024x690.jpg 1024w, https:\/\/polaligner.org\/content\/uploads\/2022\/12\/DY9I7136-768x517.jpg 768w, https:\/\/polaligner.org\/content\/uploads\/2022\/12\/DY9I7136-1536x1035.jpg 1536w, https:\/\/polaligner.org\/content\/uploads\/2022\/12\/DY9I7136-500x337.jpg 500w, https:\/\/polaligner.org\/content\/uploads\/2022\/12\/DY9I7136-800x539.jpg 800w, https:\/\/polaligner.org\/content\/uploads\/2022\/12\/DY9I7136-1280x862.jpg 1280w, https:\/\/polaligner.org\/content\/uploads\/2022\/12\/DY9I7136-1920x1293.jpg 1920w\" sizes=\"(max-width: 2022px) 100vw, 2022px\" \/><\/div><\/div><div class=\"nk-awb-wrap-content is-layout-constrained wp-block-nk-awb-is-layout-constrained\">\n<div style=\"height:200px\" aria-hidden=\"true\" class=\"wp-block-spacer\"><\/div>\n\n\n\n<figure class=\"wp-block-image aligncenter size-full\"><img decoding=\"async\" src=\"http:\/\/polaligner.org\/content\/uploads\/2022\/12\/arrow.svg\" alt=\"\" class=\"wp-image-17\"\/><\/figure>\n<\/div><\/div>\n\n\n\n<div class=\"wp-block-group event-banner has-palette-color-8-color has-palette-color-4-background-color has-text-color has-background has-link-color wp-elements-d2349e3431ce4c33168bd9dec1c153ce is-layout-constrained wp-container-core-group-is-layout-1131737d wp-block-group-is-layout-constrained\" style=\"margin-top:0;margin-bottom:0;padding-top:var(--wp--preset--spacing--20);padding-right:var(--wp--preset--spacing--20);padding-bottom:var(--wp--preset--spacing--20);padding-left:var(--wp--preset--spacing--20)\">\n<div class=\"wp-block-columns is-layout-flex wp-container-core-columns-is-layout-28f84493 wp-block-columns-is-layout-flex\">\n<div class=\"wp-block-column is-vertically-aligned-center is-layout-flow wp-block-column-is-layout-flow\">\n<p class=\"has-small-font-size\"><strong>22\u201323 may 2026 | Warszawa, Barcel\u00f3 Warsaw Powi\u015ble<\/strong><\/p>\n\n\n\n<h4 class=\"wp-block-heading has-palette-color-8-color has-text-color has-link-color wp-elements-69b247db330911930987933e853c10f2\">Sesja PAA: Martin Pedernera<\/h4>\n\n\n\n<p>&#x1f4cd;&nbsp;<strong>Place:<\/strong><br>Hotel Barcel\u00f3 Warsaw Powi\u015ble<br>Wybrze\u017ce Ko\u015bciuszkowskie 43A, Warszawa<\/p>\n\n\n\n<p>&#x1f4c5;&nbsp;<strong>Date:<\/strong><br>22\u201323 may 2026<\/p>\n\n\n\n<p>&#x1f5e3;&nbsp;<strong>Language:<\/strong><br>Session is in english (no polish translation)<\/p>\n\n\n\n<div class=\"wp-block-buttons is-layout-flex wp-block-buttons-is-layout-flex\">\n<div class=\"wp-block-button\"><a class=\"wp-block-button__link has-palette-color-2-background-color has-background wp-element-button\" href=\"https:\/\/polaligner.org\/en\/events\/upcoming-events\/sesja-paa-martin-pedernera\/\">Go to event<\/a><\/div>\n\n\n\n<div class=\"wp-block-button\"><a class=\"wp-block-button__link has-palette-color-2-background-color has-background wp-element-button\" href=\"https:\/\/orbidenti.com\/events-preview\/5529\" target=\"_blank\" rel=\"noreferrer noopener\">Join<\/a><\/div>\n<\/div>\n\n\n\n<p class=\"has-small-font-size\"><\/p>\n<\/div>\n\n\n\n<div class=\"wp-block-column is-layout-flow wp-block-column-is-layout-flow\">\n<figure class=\"wp-block-image size-large\"><a href=\"https:\/\/polaligner.org\/eventy\/najblizsze-wydarzenia\/sesja-paa-martin-pedernera\/\"><img decoding=\"async\" width=\"819\" height=\"1024\" src=\"http:\/\/polaligner.org\/content\/uploads\/2026\/02\/Warsaw-MAY-22-23-2026-819x1024.webp\" alt=\"\" class=\"wp-image-2026\" srcset=\"https:\/\/polaligner.org\/content\/uploads\/2026\/02\/Warsaw-MAY-22-23-2026-819x1024.webp 819w, https:\/\/polaligner.org\/content\/uploads\/2026\/02\/Warsaw-MAY-22-23-2026-240x300.webp 240w, https:\/\/polaligner.org\/content\/uploads\/2026\/02\/Warsaw-MAY-22-23-2026-768x960.webp 768w, https:\/\/polaligner.org\/content\/uploads\/2026\/02\/Warsaw-MAY-22-23-2026-500x625.webp 500w, https:\/\/polaligner.org\/content\/uploads\/2026\/02\/Warsaw-MAY-22-23-2026-800x1000.webp 800w, https:\/\/polaligner.org\/content\/uploads\/2026\/02\/Warsaw-MAY-22-23-2026.webp 1080w\" sizes=\"(max-width: 819px) 100vw, 819px\" \/><\/a><\/figure>\n<\/div>\n<\/div>\n<\/div>\n\n\n\n<div class=\"wp-block-group outer-group is-layout-constrained wp-block-group-is-layout-constrained\">\n<div class=\"wp-block-group is-layout-constrained wp-block-group-is-layout-constrained\">\n<div class=\"wp-block-columns is-layout-flex wp-container-core-columns-is-layout-28f84493 wp-block-columns-is-layout-flex\">\n<div class=\"wp-block-column is-layout-flow wp-block-column-is-layout-flow\">\n<figure class=\"wp-block-gallery has-nested-images columns-default is-cropped wp-block-gallery-1 is-layout-flex wp-block-gallery-is-layout-flex\">\n<figure class=\"wp-block-image size-large\"><img decoding=\"async\" width=\"1024\" height=\"683\" data-id=\"848\" src=\"http:\/\/polaligner.org\/content\/uploads\/2023\/07\/353791165_802165307990413_6891485964590826972_n-1024x683.jpg\" alt=\"\" class=\"wp-image-848\" srcset=\"https:\/\/polaligner.org\/content\/uploads\/2023\/07\/353791165_802165307990413_6891485964590826972_n-1024x683.jpg 1024w, https:\/\/polaligner.org\/content\/uploads\/2023\/07\/353791165_802165307990413_6891485964590826972_n-300x200.jpg 300w, https:\/\/polaligner.org\/content\/uploads\/2023\/07\/353791165_802165307990413_6891485964590826972_n-768x512.jpg 768w, https:\/\/polaligner.org\/content\/uploads\/2023\/07\/353791165_802165307990413_6891485964590826972_n-500x333.jpg 500w, https:\/\/polaligner.org\/content\/uploads\/2023\/07\/353791165_802165307990413_6891485964590826972_n-800x533.jpg 800w, https:\/\/polaligner.org\/content\/uploads\/2023\/07\/353791165_802165307990413_6891485964590826972_n-1280x853.jpg 1280w, https:\/\/polaligner.org\/content\/uploads\/2023\/07\/353791165_802165307990413_6891485964590826972_n.jpg 1293w\" sizes=\"(max-width: 1024px) 100vw, 1024px\" \/><\/figure>\n<\/figure>\n<\/div>\n\n\n\n<div class=\"wp-block-column is-vertically-aligned-center stretch-column is-layout-flow wp-block-column-is-layout-flow\">\n<h2 class=\"wp-block-heading\">About us<\/h2>\n\n\n\n<p>PAA is an association that was established to spread and develop knowledge in the field of modern digital orthodontics &#8211; overlay orthodontic treatment. Orthodontists, long-time specialists, clinicians and lecturers were involved in the formation of PAA. These are the seven individuals in the board of directors and the audit committee. One more person on the list and we will hit the number of one hundred members. This makes us a group that, by supporting its members, enables to obtain a solid dose of practical and theoretical knowledge as well as strengthens the position of the dentist in the world of modern technology.<\/p>\n\n\n\n<div class=\"wp-block-buttons is-layout-flex wp-block-buttons-is-layout-flex\">\n<div class=\"wp-block-button\"><a class=\"wp-block-button__link wp-element-button\" href=\"https:\/\/polaligner.org\/en\/about-us\/\">Read more<\/a><\/div>\n<\/div>\n<\/div>\n<\/div>\n<\/div>\n<\/div>\n\n\n\n<div class=\"wp-block-group outer-group cyan-group is-layout-constrained wp-block-group-is-layout-constrained\">\n<div class=\"wp-block-group is-layout-constrained wp-block-group-is-layout-constrained\">\n<div class=\"wp-block-columns is-layout-flex wp-container-core-columns-is-layout-28f84493 wp-block-columns-is-layout-flex\">\n<div class=\"wp-block-column is-vertically-aligned-center stretch-column is-layout-flow wp-block-column-is-layout-flow\">\n<h2 class=\"wp-block-heading\">Why\nshould you \njoin us<\/h2>\n\n\n\n<div style=\"height:3rem\" aria-hidden=\"true\" class=\"wp-block-spacer\"><\/div>\n\n\n\n<div class=\"wp-block-buttons is-layout-flex wp-block-buttons-is-layout-flex\">\n<div class=\"wp-block-button\"><a class=\"wp-block-button__link wp-element-button\" href=\"https:\/\/polaligner.org\/en\/benefits\/\">Read more<\/a><\/div>\n<\/div>\n<\/div>\n\n\n\n<div class=\"wp-block-column is-layout-flow wp-block-column-is-layout-flow\">\n<figure class=\"wp-block-image size-large\"><img decoding=\"async\" width=\"1024\" height=\"682\" src=\"http:\/\/polaligner.org\/content\/uploads\/2022\/12\/DY9I8110-1024x682.jpg\" alt=\"\" class=\"wp-image-26\" srcset=\"https:\/\/polaligner.org\/content\/uploads\/2022\/12\/DY9I8110-1024x682.jpg 1024w, https:\/\/polaligner.org\/content\/uploads\/2022\/12\/DY9I8110-300x200.jpg 300w, https:\/\/polaligner.org\/content\/uploads\/2022\/12\/DY9I8110-768x512.jpg 768w, https:\/\/polaligner.org\/content\/uploads\/2022\/12\/DY9I8110-500x333.jpg 500w, https:\/\/polaligner.org\/content\/uploads\/2022\/12\/DY9I8110-800x533.jpg 800w, https:\/\/polaligner.org\/content\/uploads\/2022\/12\/DY9I8110-1280x853.jpg 1280w, https:\/\/polaligner.org\/content\/uploads\/2022\/12\/DY9I8110.jpg 1348w\" sizes=\"(max-width: 1024px) 100vw, 1024px\" \/><\/figure>\n<\/div>\n<\/div>\n<\/div>\n<\/div>\n\n\n\n<iframe loading=\"lazy\" width=\"560\" height=\"315\" src=\"https:\/\/www.youtube.com\/embed\/jTLm1UNqsTA?si=I7hjz78Q0zq8oDbO\" title=\"YouTube video player\" frameborder=\"0\" allow=\"accelerometer; autoplay; clipboard-write; encrypted-media; gyroscope; picture-in-picture; web-share\" allowfullscreen=\"\"><\/iframe>\n\n\n\n<div style=\"height:100px\" aria-hidden=\"true\" class=\"wp-block-spacer\"><\/div>\n","protected":false},"excerpt":{"rendered":"<p>22\u201323 may 2026 | Warszawa, Barcel\u00f3 Warsaw Powi\u015ble Sesja PAA: Martin Pedernera &#x1f4cd;&nbsp;Place:Hotel Barcel\u00f3 Warsaw Powi\u015bleWybrze\u017ce Ko\u015bciuszkowskie 43A, Warszawa &#x1f4c5;&nbsp;Date:22\u201323 may 2026 &#x1f5e3;&nbsp;Language:Session is in english (no polish translation) About us PAA is an association that was established to spread and develop knowledge in the field of modern digital orthodontics [&hellip;]<\/p>\n","protected":false},"author":2,"featured_media":0,"parent":0,"menu_order":0,"comment_status":"closed","ping_status":"closed","template":"","meta":{"om_disable_all_campaigns":false,"_monsterinsights_skip_tracking":false,"_monsterinsights_sitenote_active":false,"_monsterinsights_sitenote_note":"","_monsterinsights_sitenote_category":0,"footnotes":""},"class_list":["post-1491","page","type-page","status-publish","hentry"],"blocksy_meta":{"styles_descriptor":{"styles":{"desktop":"","tablet":"","mobile":""},"google_fonts":[],"version":6}},"aioseo_notices":[],"_links":{"self":[{"href":"https:\/\/polaligner.org\/en\/wp-json\/wp\/v2\/pages\/1491","targetHints":{"allow":["GET"]}}],"collection":[{"href":"https:\/\/polaligner.org\/en\/wp-json\/wp\/v2\/pages"}],"about":[{"href":"https:\/\/polaligner.org\/en\/wp-json\/wp\/v2\/types\/page"}],"author":[{"embeddable":true,"href":"https:\/\/polaligner.org\/en\/wp-json\/wp\/v2\/users\/2"}],"replies":[{"embeddable":true,"href":"https:\/\/polaligner.org\/en\/wp-json\/wp\/v2\/comments?post=1491"}],"version-history":[{"count":8,"href":"https:\/\/polaligner.org\/en\/wp-json\/wp\/v2\/pages\/1491\/revisions"}],"predecessor-version":[{"id":2069,"href":"https:\/\/polaligner.org\/en\/wp-json\/wp\/v2\/pages\/1491\/revisions\/2069"}],"wp:attachment":[{"href":"https:\/\/polaligner.org\/en\/wp-json\/wp\/v2\/media?parent=1491"}],"curies":[{"name":"wp","href":"https:\/\/api.w.org\/{rel}","templated":true}]}}